{"id":471,"date":"2023-09-05T18:04:03","date_gmt":"2023-09-05T16:04:03","guid":{"rendered":"https:\/\/foto-legler.com\/bin\/?page_id=471"},"modified":"2023-09-18T10:41:01","modified_gmt":"2023-09-18T08:41:01","slug":"drohne","status":"publish","type":"page","link":"http:\/\/foto-legler.com\/bin\/drohne\/","title":{"rendered":"Drohne"},"content":{"rendered":"\n<p class=\"has-vivid-cyan-blue-color has-white-background-color has-text-color has-background\">Nach vielen Jahren der \u00dcberlegung, des Abw\u00e4gens und der Problematik &#8222;wo fliegen&#8220;, gerade durch die neuen Gesetzte, habe ich mich endlich entschieden mir eine Drohne zuzulegen. Ausschlaggebend waren hierbei zwei Punkte:<\/p>\n\n\n\n<ul class=\"has-vivid-cyan-blue-color has-white-background-color has-text-color has-background wp-block-list\">\n<li>mein Wegzug aus Berlin in den S\u00fcd-Harz<\/li>\n\n\n\n<li>ein Einsatz, welcher mich nach Gr\u00f6nland f\u00fchrte und gleichzeitig die Verabschiedung von AIDAaura beinhaltete. (Info: Drohnen sind an Bord grunds\u00e4tzlich verboten, werden aber von manchen Sicherheitsoffizieren bei Abgabe dieser gedulted u. k\u00f6nnen dann in den H\u00e4fen an Land verwendet werden.)<\/li>\n<\/ul>\n\n\n\n<p class=\"has-vivid-cyan-blue-color has-white-background-color has-text-color has-background\">Zus\u00e4tzlich habe ich mich vor der entg\u00fcltigen Entscheidung in einigen Foren\/FB-Gruppen angemeldet, wo mir nach erstem Studium der Fernpilotenlizenzpapiere A1\/A3 sehr viel Mut zugesprochen wurde, dann ging es sehr schnell &#8230; noch am selben Tag hab ich die Lizenzen und den zugeh\u00f6rigen Test gemacht.<\/p>\n\n\n\n<p class=\"has-vivid-cyan-blue-color has-white-background-color has-text-color has-background\">Also Drohne kommt f\u00fcr meine Fotos &amp; Videos derzeit eine DJI Mavic 3 Classic zum Einsatz. Manch einer hat mich schon gefragt &#8222;warum hast Du Dir nicht die 3 Pro oder nur die 3 geholt?&#8220;, worauf ich ganz einfach antworten kann &#8230; die Kamera ist der Grund.<\/p>\n\n\n\n<ul class=\"has-vivid-cyan-blue-color has-white-background-color has-text-color has-background wp-block-list\">\n<li>Mavic 3 Classic: Hasselblad-Kamera<\/li>\n\n\n\n<li>Mavic 3: Hasselblad-Kamera + 1\/2&#8243; CMOS Telekamera (162mmKB)<\/li>\n\n\n\n<li>Mavic 3 Pro: Hasselblad-Kamera + 1\/1,3&#8243; CMOS mittlere Telekamera (70mmKB) + 1\/2&#8243; CMOS Telekamera (166mmKB)<\/li>\n<\/ul>\n\n\n\n<p class=\"has-vivid-cyan-blue-color has-white-background-color has-text-color has-background\">W\u00e4ren die zus\u00e4tzlichen Kameras auch von Hasselblad gekommen &#8230; ja, ohne dr\u00fcber nachzudenken, da dies aber nicht der Fall ist, entschied ich mich f\u00fcr die einfache Variante und bin sehr zufrieden, sicher ich bin darauf angewiesen &#8222;n\u00e4her ran&#8220; zu fliegen, aber ich m\u00f6chte ja auch niemanden ausspionieren oder dergleichen. \ud83d\ude09<\/p>\n\n\n\n<figure class=\"wp-block-image size-full\"><img loading=\"lazy\" decoding=\"async\" width=\"720\" height=\"480\" src=\"http:\/\/foto-legler.com\/bin\/wp-content\/uploads\/2023\/09\/1000012441.jpg\" alt=\"\" class=\"wp-image-499\" srcset=\"http:\/\/foto-legler.com\/bin\/wp-content\/uploads\/2023\/09\/1000012441.jpg 720w, http:\/\/foto-legler.com\/bin\/wp-content\/uploads\/2023\/09\/1000012441-300x200.jpg 300w\" sizes=\"auto, (max-width: 720px) 100vw, 720px\" \/><\/figure>\n","protected":false},"excerpt":{"rendered":"<p>Nach vielen Jahren der \u00dcberlegung, des Abw\u00e4gens und der Problematik &#8222;wo fliegen&#8220;, gerade durch die neuen Gesetzte, habe ich mich endlich entschieden mir eine Drohne zuzulegen. Ausschlaggebend waren hierbei zwei Punkte: Zus\u00e4tzlich habe ich mich vor der entg\u00fcltigen Entscheidung in einigen Foren\/FB-Gruppen angemeldet, wo mir nach erstem Studium der Fernpilotenlizenzpapiere A1\/A3 sehr viel Mut zugesprochen [&hellip;]<\/p>\n","protected":false},"author":2,"featured_media":0,"parent":0,"menu_order":0,"comment_status":"closed","ping_status":"closed","template":"","meta":{"footnotes":""},"class_list":["post-471","page","type-page","status-publish","hentry"],"_links":{"self":[{"href":"http:\/\/foto-legler.com\/bin\/wp-json\/wp\/v2\/pages\/471","targetHints":{"allow":["GET"]}}],"collection":[{"href":"http:\/\/foto-legler.com\/bin\/wp-json\/wp\/v2\/pages"}],"about":[{"href":"http:\/\/foto-legler.com\/bin\/wp-json\/wp\/v2\/types\/page"}],"author":[{"embeddable":true,"href":"http:\/\/foto-legler.com\/bin\/wp-json\/wp\/v2\/users\/2"}],"replies":[{"embeddable":true,"href":"http:\/\/foto-legler.com\/bin\/wp-json\/wp\/v2\/comments?post=471"}],"version-history":[{"count":6,"href":"http:\/\/foto-legler.com\/bin\/wp-json\/wp\/v2\/pages\/471\/revisions"}],"predecessor-version":[{"id":501,"href":"http:\/\/foto-legler.com\/bin\/wp-json\/wp\/v2\/pages\/471\/revisions\/501"}],"wp:attachment":[{"href":"http:\/\/foto-legler.com\/bin\/wp-json\/wp\/v2\/media?parent=471"}],"curies":[{"name":"wp","href":"https:\/\/api.w.org\/{rel}","templated":true}]}}