{"id":30,"date":"2019-09-30T16:05:25","date_gmt":"2019-09-30T14:05:25","guid":{"rendered":"http:\/\/foto-legler.com\/bin\/?page_id=30"},"modified":"2023-09-05T18:38:57","modified_gmt":"2023-09-05T16:38:57","slug":"impressum","status":"publish","type":"page","link":"http:\/\/foto-legler.com\/bin\/rechtliches\/impressum\/","title":{"rendered":"Impressum"},"content":{"rendered":"\n<p class=\"has-very-light-gray-background-color has-background\"><strong>Dieses Impressum gilt f\u00fcr folgende<br>Domains und deren Subdomains:<\/strong><br>&#8211; Foto-Legler.com \/ Foto-Legler.de<br>&#8211; LICHTundFARBE.org<br>&#8211; Legler-HausBerlin.de<br>&#8211; Musik-Orga.de<\/p>\n\n\n\n<figure class=\"wp-block-image\"><img loading=\"lazy\" decoding=\"async\" width=\"759\" height=\"190\" src=\"http:\/\/foto-legler.com\/bin\/wp-content\/uploads\/2019\/09\/impressum.png\" alt=\"\" class=\"wp-image-127\" srcset=\"http:\/\/foto-legler.com\/bin\/wp-content\/uploads\/2019\/09\/impressum.png 759w, http:\/\/foto-legler.com\/bin\/wp-content\/uploads\/2019\/09\/impressum-300x75.png 300w\" sizes=\"auto, (max-width: 759px) 100vw, 759px\" \/><\/figure>\n\n\n\n<p class=\"has-very-light-gray-background-color has-background\"><strong>Haftungshinweis:<\/strong><br>Trotz sorgf\u00e4ltiger inhaltlicher Kontrolle \u00fcbernehme ich keine Haftung f\u00fcr die Inhalte externer Links. F\u00fcr die Inhalte der verlinkten Seiten sind ausschlie\u00dflich deren Betreiber verantwortlich.<\/p>\n\n\n\n<p class=\"has-very-light-gray-background-color has-background\">AGB und Widerrufsbelehrung:&nbsp;<a href=\"http:\/\/www.foto-legler.com\/dls\/ALGB.pdf\" target=\"_blank\" rel=\"noreferrer noopener\" aria-label=\"download (\u00f6ffnet in neuem Tab)\">download<\/a><\/p>\n","protected":false},"excerpt":{"rendered":"<p>Dieses Impressum gilt f\u00fcr folgendeDomains und deren Subdomains:&#8211; Foto-Legler.com \/ Foto-Legler.de&#8211; LICHTundFARBE.org&#8211; Legler-HausBerlin.de&#8211; Musik-Orga.de Haftungshinweis:Trotz sorgf\u00e4ltiger inhaltlicher Kontrolle \u00fcbernehme ich keine Haftung f\u00fcr die Inhalte externer Links. F\u00fcr die Inhalte der verlinkten Seiten sind ausschlie\u00dflich deren Betreiber verantwortlich. AGB und Widerrufsbelehrung:&nbsp;download<\/p>\n","protected":false},"author":2,"featured_media":0,"parent":20,"menu_order":0,"comment_status":"closed","ping_status":"closed","template":"","meta":{"footnotes":""},"class_list":["post-30","page","type-page","status-publish","hentry"],"_links":{"self":[{"href":"http:\/\/foto-legler.com\/bin\/wp-json\/wp\/v2\/pages\/30","targetHints":{"allow":["GET"]}}],"collection":[{"href":"http:\/\/foto-legler.com\/bin\/wp-json\/wp\/v2\/pages"}],"about":[{"href":"http:\/\/foto-legler.com\/bin\/wp-json\/wp\/v2\/types\/page"}],"author":[{"embeddable":true,"href":"http:\/\/foto-legler.com\/bin\/wp-json\/wp\/v2\/users\/2"}],"replies":[{"embeddable":true,"href":"http:\/\/foto-legler.com\/bin\/wp-json\/wp\/v2\/comments?post=30"}],"version-history":[{"count":9,"href":"http:\/\/foto-legler.com\/bin\/wp-json\/wp\/v2\/pages\/30\/revisions"}],"predecessor-version":[{"id":466,"href":"http:\/\/foto-legler.com\/bin\/wp-json\/wp\/v2\/pages\/30\/revisions\/466"}],"up":[{"embeddable":true,"href":"http:\/\/foto-legler.com\/bin\/wp-json\/wp\/v2\/pages\/20"}],"wp:attachment":[{"href":"http:\/\/foto-legler.com\/bin\/wp-json\/wp\/v2\/media?parent=30"}],"curies":[{"name":"wp","href":"https:\/\/api.w.org\/{rel}","templated":true}]}}