{"id":16,"date":"2019-09-30T16:00:43","date_gmt":"2019-09-30T14:00:43","guid":{"rendered":"http:\/\/foto-legler.com\/bin\/?page_id=16"},"modified":"2023-09-05T17:51:39","modified_gmt":"2023-09-05T15:51:39","slug":"ueber","status":"publish","type":"page","link":"http:\/\/foto-legler.com\/bin\/ueber\/","title":{"rendered":"\u00dcber"},"content":{"rendered":"\n<p class=\"has-vivid-cyan-blue-color has-text-color has-background\" style=\"background-color:#ffffff\">Hallo liebe Besucher von Foto-Legler.com \/ .de,<br>mein Name ist Ralf Legler und Fotografie ist meine Passion. <\/p>\n\n\n\n<p class=\"has-vivid-cyan-blue-color has-text-color has-background\" style=\"background-color:#ffffff\">Ich bin vom 1979er Jahrgang und in Berlin-Sch\u00f6neberg geboren und gro\u00df geworden. Seit 2013 arbeite ich f\u00fcr AIDA-Cruises, bis 2015 als Fotograf, 2015\/2016 als Fotolaborant und seit 2016 als Fotomanager (inkl. kleiner Ausfl\u00fcge als Fotolaborant, u.a. um neue Kollegen auszubilden) auf der bekannten Kussmund-Flotte und war bisher auf allen Schiffsklassen im Einsatz. Seit August 2020 habe ich jetzt in den Bereich Administration gewechselt und bin als so genannter &#8222;Manager Warehouse, Administration &amp; Systems&#8220; an Bord. Seit Juli 2021 wohne ich nicht mehr in Berlin, sondern im S\u00fcd-Harz.<br><br>Mittlerweile betreibe ich die Fotografie eher als Hobby, dazu gekommen ist dank einer Drohne die Videografie.<br><br>Bei dem Fotografieren von Menschen ist mir die Nat\u00fcrlichkeit wichtig. Ich bearbeite Bilder nur in gegebenem Ma\u00df, eine Verfremdung versuche ich grunds\u00e4tzlich zu vermeiden. Ich m\u00f6chte die Menschen so abbilden, wie ich sie vor mir sehe, nicht wie ich sie vor mir sehen k\u00f6nnte.<br><br>Mein Spektrum reicht in fast alle Bereiche der Fotografie hinein. Einen kleinen Einblick in meine Schwerpunktbereiche erhalten Sie hier auf dieser Seite.<br><br>Ich w\u00fcnsche Ihnen viel Spa\u00df auf meiner Seite,<br>liebe Gr\u00fc\u00dfe, Ihr Ralf Legler      <br><\/p>\n\n\n\n<figure class=\"wp-block-image\"><img loading=\"lazy\" decoding=\"async\" width=\"991\" height=\"649\" src=\"http:\/\/foto-legler.com\/bin\/wp-content\/uploads\/2019\/09\/justMe.jpg\" alt=\"\" class=\"wp-image-131\" srcset=\"http:\/\/foto-legler.com\/bin\/wp-content\/uploads\/2019\/09\/justMe.jpg 991w, http:\/\/foto-legler.com\/bin\/wp-content\/uploads\/2019\/09\/justMe-300x196.jpg 300w, http:\/\/foto-legler.com\/bin\/wp-content\/uploads\/2019\/09\/justMe-768x503.jpg 768w\" sizes=\"auto, (max-width: 991px) 100vw, 991px\" \/><figcaption class=\"wp-element-caption\">Offiziersfoto auf AIDAnova &#8211; Foto: Berit M\u00f6lleken<\/figcaption><\/figure>\n","protected":false},"excerpt":{"rendered":"<p>Hallo liebe Besucher von Foto-Legler.com \/ .de,mein Name ist Ralf Legler und Fotografie ist meine Passion. Ich bin vom 1979er Jahrgang und in Berlin-Sch\u00f6neberg geboren und gro\u00df geworden. Seit 2013 arbeite ich f\u00fcr AIDA-Cruises, bis 2015 als Fotograf, 2015\/2016 als Fotolaborant und seit 2016 als Fotomanager (inkl. kleiner Ausfl\u00fcge als Fotolaborant, u.a. um neue Kollegen [&hellip;]<\/p>\n","protected":false},"author":2,"featured_media":0,"parent":0,"menu_order":0,"comment_status":"closed","ping_status":"closed","template":"","meta":{"footnotes":""},"class_list":["post-16","page","type-page","status-publish","hentry"],"_links":{"self":[{"href":"http:\/\/foto-legler.com\/bin\/wp-json\/wp\/v2\/pages\/16","targetHints":{"allow":["GET"]}}],"collection":[{"href":"http:\/\/foto-legler.com\/bin\/wp-json\/wp\/v2\/pages"}],"about":[{"href":"http:\/\/foto-legler.com\/bin\/wp-json\/wp\/v2\/types\/page"}],"author":[{"embeddable":true,"href":"http:\/\/foto-legler.com\/bin\/wp-json\/wp\/v2\/users\/2"}],"replies":[{"embeddable":true,"href":"http:\/\/foto-legler.com\/bin\/wp-json\/wp\/v2\/comments?post=16"}],"version-history":[{"count":13,"href":"http:\/\/foto-legler.com\/bin\/wp-json\/wp\/v2\/pages\/16\/revisions"}],"predecessor-version":[{"id":470,"href":"http:\/\/foto-legler.com\/bin\/wp-json\/wp\/v2\/pages\/16\/revisions\/470"}],"wp:attachment":[{"href":"http:\/\/foto-legler.com\/bin\/wp-json\/wp\/v2\/media?parent=16"}],"curies":[{"name":"wp","href":"https:\/\/api.w.org\/{rel}","templated":true}]}}